{"id":15,"date":"2023-01-21T17:50:14","date_gmt":"2023-01-21T17:50:14","guid":{"rendered":"https:\/\/coninpreco.com\/?page_id=15"},"modified":"2023-02-07T21:41:58","modified_gmt":"2023-02-07T21:41:58","slug":"servicios","status":"publish","type":"page","link":"https:\/\/coninpreco.com\/index.php\/servicios\/","title":{"rendered":""},"content":{"rendered":"\t\t<div data-elementor-type=\"wp-page\" data-elementor-id=\"15\" class=\"elementor elementor-15\">\n\t\t\t\t\t\t\t\t\t<section class=\"elementor-section elementor-top-section elementor-element elementor-element-69c3dda8 elementor-section-height-min-height elementor-section-content-middle elementor-section-full_width elementor-section-stretched elementor-section-height-default elementor-section-items-middle wpr-particle-no wpr-jarallax-no wpr-parallax-no wpr-sticky-section-no\" data-id=\"69c3dda8\" data-element_type=\"section\" data-settings=\"{&quot;background_background&quot;:&quot;classic&quot;,&quot;stretch_section&quot;:&quot;section-stretched&quot;,&quot;shape_divider_bottom&quot;:&quot;tilt&quot;}\">\n\t\t\t\t\t\t\t<div class=\"elementor-background-overlay\"><\/div>\n\t\t\t\t\t\t<div class=\"elementor-shape elementor-shape-bottom\" data-negative=\"false\">\n\t\t\t<svg xmlns=\"http:\/\/www.w3.org\/2000\/svg\" viewBox=\"0 0 1000 100\" preserveAspectRatio=\"none\">\n\t<path class=\"elementor-shape-fill\" d=\"M0,6V0h1000v100L0,6z\"\/>\n<\/svg>\t\t<\/div>\n\t\t\t\t\t<div class=\"elementor-container elementor-column-gap-default\">\n\t\t\t\t\t<div class=\"elementor-column elementor-col-100 elementor-top-column elementor-element elementor-element-23bba67b\" data-id=\"23bba67b\" data-element_type=\"column\">\n\t\t\t<div class=\"elementor-widget-wrap elementor-element-populated\">\n\t\t\t\t\t\t\t\t<div class=\"elementor-element elementor-element-2204f440 elementor-widget elementor-widget-heading\" data-id=\"2204f440\" data-element_type=\"widget\" data-widget_type=\"heading.default\">\n\t\t\t\t<div class=\"elementor-widget-container\">\n\t\t\t<style>\/*! elementor - v3.10.1 - 17-01-2023 *\/\n.elementor-heading-title{padding:0;margin:0;line-height:1}.elementor-widget-heading .elementor-heading-title[class*=elementor-size-]>a{color:inherit;font-size:inherit;line-height:inherit}.elementor-widget-heading .elementor-heading-title.elementor-size-small{font-size:15px}.elementor-widget-heading .elementor-heading-title.elementor-size-medium{font-size:19px}.elementor-widget-heading .elementor-heading-title.elementor-size-large{font-size:29px}.elementor-widget-heading .elementor-heading-title.elementor-size-xl{font-size:39px}.elementor-widget-heading .elementor-heading-title.elementor-size-xxl{font-size:59px}<\/style><h2 class=\"elementor-heading-title elementor-size-default\">SERVICIOS<\/h2>\t\t<\/div>\n\t\t\t\t<\/div>\n\t\t\t\t\t<\/div>\n\t\t<\/div>\n\t\t\t\t\t\t\t<\/div>\n\t\t<\/section>\n\t\t\t\t<section class=\"elementor-section elementor-top-section elementor-element elementor-element-735ae329 elementor-section-full_width elementor-section-height-default elementor-section-height-default wpr-particle-no wpr-jarallax-no wpr-parallax-no wpr-sticky-section-no\" data-id=\"735ae329\" data-element_type=\"section\">\n\t\t\t\t\t\t<div class=\"elementor-container elementor-column-gap-default\">\n\t\t\t\t\t<div class=\"elementor-column elementor-col-50 elementor-top-column elementor-element elementor-element-51904862\" data-id=\"51904862\" data-element_type=\"column\">\n\t\t\t<div class=\"elementor-widget-wrap elementor-element-populated\">\n\t\t\t\t\t\t\t\t<div class=\"elementor-element elementor-element-3ef5fd elementor-widget elementor-widget-text-editor\" data-id=\"3ef5fd\" data-element_type=\"widget\" data-widget_type=\"text-editor.default\">\n\t\t\t\t<div class=\"elementor-widget-container\">\n\t\t\t<style>\/*! elementor - v3.10.1 - 17-01-2023 *\/\n.elementor-widget-text-editor.elementor-drop-cap-view-stacked .elementor-drop-cap{background-color:#818a91;color:#fff}.elementor-widget-text-editor.elementor-drop-cap-view-framed .elementor-drop-cap{color:#818a91;border:3px solid;background-color:transparent}.elementor-widget-text-editor:not(.elementor-drop-cap-view-default) .elementor-drop-cap{margin-top:8px}.elementor-widget-text-editor:not(.elementor-drop-cap-view-default) .elementor-drop-cap-letter{width:1em;height:1em}.elementor-widget-text-editor .elementor-drop-cap{float:left;text-align:center;line-height:1;font-size:50px}.elementor-widget-text-editor .elementor-drop-cap-letter{display:inline-block}<\/style>\t\t\t\t<p>Nuestra trayectoria nos ha convertido en una empresa de ingenier\u00eda especializada en el campo de la ingenier\u00eda civil y sanitaria, desarrollando proyectos en todo el Per\u00fa.\u00a0<\/p><p>Durante estos \u00faltimos meses, hemos ido ampliando progresivamente nuestro campo de actividad, realizamos estudios b\u00e1sicos de ingenier\u00eda y tareas individuales como:\u00a0 dise\u00f1o, evaluaci\u00f3n y mejoramiento de planos, levantamiento topogr\u00e1fico, y en el rubro de saneamiento f\u00edsico legal, contamos con especialistas del sector inmobiliario.\u00a0<\/p>\t\t\t\t\t\t<\/div>\n\t\t\t\t<\/div>\n\t\t\t\t\t<\/div>\n\t\t<\/div>\n\t\t\t\t<div class=\"elementor-column elementor-col-50 elementor-top-column elementor-element elementor-element-37109f63\" data-id=\"37109f63\" data-element_type=\"column\">\n\t\t\t<div class=\"elementor-widget-wrap elementor-element-populated\">\n\t\t\t\t\t\t\t\t<div class=\"elementor-element elementor-element-28d4bb0 wpr-lottie-svg elementor-widget elementor-widget-wpr-lottie-animations\" data-id=\"28d4bb0\" data-element_type=\"widget\" data-settings=\"{&quot;json_file&quot;:{&quot;url&quot;:&quot;https:\\\/\\\/coninpreco.com\\\/wp-content\\\/uploads\\\/2023\\\/02\\\/dlf10_z49WoSvxKM.json&quot;,&quot;id&quot;:255,&quot;alt&quot;:&quot;&quot;,&quot;source&quot;:&quot;library&quot;},&quot;trigger&quot;:&quot;none&quot;}\" data-widget_type=\"wpr-lottie-animations.default\">\n\t\t\t\t<div class=\"elementor-widget-container\">\n\t\t\t<div class=\"wpr-lottie-animations-wrapper\"><div class=\"wpr-lottie-animations\" data-settings=\"{&quot;loop&quot;:&quot;yes&quot;,&quot;autoplay&quot;:&quot;yes&quot;,&quot;speed&quot;:0.8,&quot;trigger&quot;:&quot;none&quot;,&quot;reverse&quot;:&quot;&quot;,&quot;scroll_start&quot;:&quot;0&quot;,&quot;scroll_end&quot;:&quot;100&quot;,&quot;lottie_renderer&quot;:&quot;svg&quot;}\" data-json-url=\"https:\/\/coninpreco.com\/wp-content\/uploads\/2023\/02\/dlf10_z49WoSvxKM.json\"><\/div><\/div>\t\t<\/div>\n\t\t\t\t<\/div>\n\t\t\t\t\t<\/div>\n\t\t<\/div>\n\t\t\t\t\t\t\t<\/div>\n\t\t<\/section>\n\t\t\t\t<section class=\"elementor-section elementor-top-section elementor-element elementor-element-4c23aaa7 elementor-section-stretched elementor-section-boxed elementor-section-height-default elementor-section-height-default wpr-particle-no wpr-jarallax-no wpr-parallax-no wpr-sticky-section-no\" data-id=\"4c23aaa7\" data-element_type=\"section\" data-settings=\"{&quot;stretch_section&quot;:&quot;section-stretched&quot;}\">\n\t\t\t\t\t\t<div class=\"elementor-container elementor-column-gap-default\">\n\t\t\t\t\t<div class=\"elementor-column elementor-col-100 elementor-top-column elementor-element elementor-element-b8b37b6\" data-id=\"b8b37b6\" data-element_type=\"column\">\n\t\t\t<div class=\"elementor-widget-wrap elementor-element-populated\">\n\t\t\t\t\t\t\t\t<section class=\"elementor-section elementor-inner-section elementor-element elementor-element-49209e1 elementor-section-boxed elementor-section-height-default elementor-section-height-default wpr-particle-no wpr-jarallax-no wpr-parallax-no wpr-sticky-section-no\" data-id=\"49209e1\" data-element_type=\"section\">\n\t\t\t\t\t\t<div class=\"elementor-container elementor-column-gap-default\">\n\t\t\t\t\t<div class=\"elementor-column elementor-col-33 elementor-inner-column elementor-element elementor-element-f8e925c\" data-id=\"f8e925c\" data-element_type=\"column\">\n\t\t\t<div class=\"elementor-widget-wrap elementor-element-populated\">\n\t\t\t\t\t\t\t\t<div class=\"elementor-element elementor-element-38d39e16 wpr-flip-box-animation-flip wpr-flip-box-animation-3d-yes wpr-flip-box-anim-direction-right wpr-flip-box-front-align-center wpr-flip-box-back-align-center elementor-widget elementor-widget-wpr-flip-box\" data-id=\"38d39e16\" data-element_type=\"widget\" data-widget_type=\"wpr-flip-box.default\">\n\t\t\t\t<div class=\"elementor-widget-container\">\n\t\t\t\t\t\t\r\n\t\t<div class=\"wpr-flip-box\" data-trigger=\"hover\">\r\n\t\t\t\r\n\t\t\t<div class=\"wpr-flip-box-item wpr-flip-box-front wpr-anim-timing-ease-default\">\r\n\r\n\t\t\t\t<div class=\"wpr-flip-box-overlay\"><\/div>\r\n\r\n\t\t\t\t<div class=\"wpr-flip-box-content\">\r\n\t\t\t\t\t\r\n\t\t\t\t\t\t\t\t\t\t<div class=\"wpr-flip-box-icon\">\r\n\t\t\t\t\t\t<i class=\"far fa-bookmark\"><\/i>\r\n\t\t\t\t\t<\/div>\r\n\t\t\t\t\t\t\t\t\t\t\r\n\t\t\t\t\t\t\t\t\t\t\t<h3 class=\"wpr-flip-box-title\">CONSULTORIA DE OBRAS<\/h3>\r\n\t\t\t\t\t\r\n\t\t\t\t\t\t\r\n\r\n\t\t\t\t\t\t\r\n\r\n\t\t\t\t<\/div>\r\n\t\t\t<\/div>\r\n\r\n\t\t\t<div class=\"wpr-flip-box-item wpr-flip-box-back wpr-anim-timing-ease-default\">\r\n\r\n\t\t\t\t<div class=\"wpr-flip-box-overlay\"><\/div>\r\n\t\t\t\t\r\n\t\t\t\t<div class=\"wpr-flip-box-content\">\r\n\t\t\t\t\t\r\n\t\t\t\t\t\t\t\t\t\t<a class=\"wpr-flip-box-link\" href=\"#\"><\/a>\t\r\n\t\t\t\t\t\r\n\t\t\t\t\t\t\t\t\t\t\r\n\t\t\t\t\t\r\n\t\t\t\t\t\t\t\t\t\t\t<div class=\"wpr-flip-box-description\"><p><a href=\"https:\/\/coninpreco.com\/index.php\/consultorias\/\"><span style=\"vertical-align: inherit\">Prestamos servicios profesionales altamente calificados consistentes en la elaboraci\u00f3n de expediente t\u00e9cnico de obras, as\u00ed como la supervisi\u00f3n de obras, estudios de preinversi\u00f3n, y m\u00e1s.\u00a0<\/span><\/a><\/p><\/div>\t\t\t\t\t\t\r\n\t\t\t\t\t\t\r\n\r\n\t\t\t\t\t\t\r\n\r\n\t\t\t\t<\/div>\r\n\t\t\t<\/div>\r\n\t\t<\/div>\r\n\r\n\t\t\t\t<\/div>\n\t\t\t\t<\/div>\n\t\t\t\t\t<\/div>\n\t\t<\/div>\n\t\t\t\t<div class=\"elementor-column elementor-col-33 elementor-inner-column elementor-element elementor-element-5eda27fa\" data-id=\"5eda27fa\" data-element_type=\"column\">\n\t\t\t<div class=\"elementor-widget-wrap elementor-element-populated\">\n\t\t\t\t\t\t\t\t<div class=\"elementor-element elementor-element-6a6811d1 wpr-flip-box-animation-flip wpr-flip-box-animation-3d-yes wpr-flip-box-anim-direction-right wpr-flip-box-front-align-center wpr-flip-box-back-align-center elementor-widget elementor-widget-wpr-flip-box\" data-id=\"6a6811d1\" data-element_type=\"widget\" data-widget_type=\"wpr-flip-box.default\">\n\t\t\t\t<div class=\"elementor-widget-container\">\n\t\t\t\t\t\t\r\n\t\t<div class=\"wpr-flip-box\" data-trigger=\"hover\">\r\n\t\t\t\r\n\t\t\t<div class=\"wpr-flip-box-item wpr-flip-box-front wpr-anim-timing-ease-default\">\r\n\r\n\t\t\t\t<div class=\"wpr-flip-box-overlay\"><\/div>\r\n\r\n\t\t\t\t<div class=\"wpr-flip-box-content\">\r\n\t\t\t\t\t\r\n\t\t\t\t\t\t\t\t\t\t<div class=\"wpr-flip-box-icon\">\r\n\t\t\t\t\t\t<i class=\"far fa-bookmark\"><\/i>\r\n\t\t\t\t\t<\/div>\r\n\t\t\t\t\t\t\t\t\t\t\r\n\t\t\t\t\t\t\t\t\t\t\t<h3 class=\"wpr-flip-box-title\">ESTUDIOS B\u00c1SCIOS<\/h3>\r\n\t\t\t\t\t\r\n\t\t\t\t\t\t\r\n\r\n\t\t\t\t\t\t\r\n\r\n\t\t\t\t<\/div>\r\n\t\t\t<\/div>\r\n\r\n\t\t\t<div class=\"wpr-flip-box-item wpr-flip-box-back wpr-anim-timing-ease-default\">\r\n\r\n\t\t\t\t<div class=\"wpr-flip-box-overlay\"><\/div>\r\n\t\t\t\t\r\n\t\t\t\t<div class=\"wpr-flip-box-content\">\r\n\t\t\t\t\t\r\n\t\t\t\t\t\t\t\t\t\t<a class=\"wpr-flip-box-link\" href=\"#\"><\/a>\t\r\n\t\t\t\t\t\r\n\t\t\t\t\t\t\t\t\t\t\r\n\t\t\t\t\t\r\n\t\t\t\t\t\t\t\t\t\t\t<div class=\"wpr-flip-box-description\"><p><a href=\"https:\/\/coninpreco.com\/index.php\/estudios-basicos\/\">Nuestros servicios incluyen las diferentes actividades, desde la ingenier\u00eda b\u00e1sica de un proyecto incluyendo estudios de suelos y geotecnica, topografia, costos y presupuestos, etc. hasta la ingenier\u00eda de detalle a nivel de licitaci\u00f3n as\u00ed como la Direcci\u00f3n y Gerencia de Proyectos.<\/a><\/p><\/div>\t\t\t\t\t\t\r\n\t\t\t\t\t\t\r\n\r\n\t\t\t\t\t\t\r\n\r\n\t\t\t\t<\/div>\r\n\t\t\t<\/div>\r\n\t\t<\/div>\r\n\r\n\t\t\t\t<\/div>\n\t\t\t\t<\/div>\n\t\t\t\t\t<\/div>\n\t\t<\/div>\n\t\t\t\t<div class=\"elementor-column elementor-col-33 elementor-inner-column elementor-element elementor-element-76ecbff2\" data-id=\"76ecbff2\" data-element_type=\"column\">\n\t\t\t<div class=\"elementor-widget-wrap elementor-element-populated\">\n\t\t\t\t\t\t\t\t<div class=\"elementor-element elementor-element-bfa82bc wpr-flip-box-animation-flip wpr-flip-box-animation-3d-yes wpr-flip-box-anim-direction-right wpr-flip-box-front-align-center wpr-flip-box-back-align-center elementor-widget elementor-widget-wpr-flip-box\" data-id=\"bfa82bc\" data-element_type=\"widget\" data-widget_type=\"wpr-flip-box.default\">\n\t\t\t\t<div class=\"elementor-widget-container\">\n\t\t\t\t\t\t\r\n\t\t<div class=\"wpr-flip-box\" data-trigger=\"hover\">\r\n\t\t\t\r\n\t\t\t<div class=\"wpr-flip-box-item wpr-flip-box-front wpr-anim-timing-ease-default\">\r\n\r\n\t\t\t\t<div class=\"wpr-flip-box-overlay\"><\/div>\r\n\r\n\t\t\t\t<div class=\"wpr-flip-box-content\">\r\n\t\t\t\t\t\r\n\t\t\t\t\t\t\t\t\t\t<div class=\"wpr-flip-box-icon\">\r\n\t\t\t\t\t\t<i class=\"far fa-bookmark\"><\/i>\r\n\t\t\t\t\t<\/div>\r\n\t\t\t\t\t\t\t\t\t\t\r\n\t\t\t\t\t\t\t\t\t\t\t<h3 class=\"wpr-flip-box-title\">SANEAMIENTO F\u00cdSICO LEGAL<\/h3>\r\n\t\t\t\t\t\r\n\t\t\t\t\t\t\r\n\r\n\t\t\t\t\t\t\r\n\r\n\t\t\t\t<\/div>\r\n\t\t\t<\/div>\r\n\r\n\t\t\t<div class=\"wpr-flip-box-item wpr-flip-box-back wpr-anim-timing-ease-default\">\r\n\r\n\t\t\t\t<div class=\"wpr-flip-box-overlay\"><\/div>\r\n\t\t\t\t\r\n\t\t\t\t<div class=\"wpr-flip-box-content\">\r\n\t\t\t\t\t\r\n\t\t\t\t\t\t\t\t\t\t<a class=\"wpr-flip-box-link\" href=\"#\"><\/a>\t\r\n\t\t\t\t\t\r\n\t\t\t\t\t\t\t\t\t\t\r\n\t\t\t\t\t\r\n\t\t\t\t\t\t\t\t\t\t\t<div class=\"wpr-flip-box-description\"><p><a href=\"https:\/\/coninpreco.com\/index.php\/sfl\/\">Nuestra empresa tiene a profesionales especializados en el sector inmobiliario dentro de todo el territorio peruano, conformado por abogados inmobiliarios, ingenieros y arquitectos, quienes lo asesorar\u00e1n y junto a usted buscar\u00e1n la mejor soluci\u00f3n para cada caso en particular<\/a><\/p><\/div>\t\t\t\t\t\t\r\n\t\t\t\t\t\t\r\n\r\n\t\t\t\t\t\t\r\n\r\n\t\t\t\t<\/div>\r\n\t\t\t<\/div>\r\n\t\t<\/div>\r\n\r\n\t\t\t\t<\/div>\n\t\t\t\t<\/div>\n\t\t\t\t\t<\/div>\n\t\t<\/div>\n\t\t\t\t\t\t\t<\/div>\n\t\t<\/section>\n\t\t\t\t\t<\/div>\n\t\t<\/div>\n\t\t\t\t\t\t\t<\/div>\n\t\t<\/section>\n\t\t\t\t<section class=\"elementor-section elementor-top-section elementor-element elementor-element-74223f4d elementor-section-full_width elementor-section-stretched elementor-section-height-default elementor-section-height-default wpr-particle-no wpr-jarallax-no wpr-parallax-no wpr-sticky-section-no\" data-id=\"74223f4d\" data-element_type=\"section\" data-settings=\"{&quot;shape_divider_bottom&quot;:&quot;pyramids&quot;,&quot;shape_divider_bottom_negative&quot;:&quot;yes&quot;,&quot;stretch_section&quot;:&quot;section-stretched&quot;}\">\n\t\t\t\t\t<div class=\"elementor-shape elementor-shape-bottom\" data-negative=\"true\">\n\t\t\t<svg xmlns=\"http:\/\/www.w3.org\/2000\/svg\" viewBox=\"0 0 1000 100\" preserveAspectRatio=\"none\">\n\t<path class=\"elementor-shape-fill\" d=\"M761.9,40.6L643.1,24L333.9,93.8L0.1,1H0v99h1000V1\"\/>\n<\/svg>\t\t<\/div>\n\t\t\t\t\t<div class=\"elementor-container elementor-column-gap-default\">\n\t\t\t\t\t<div class=\"elementor-column elementor-col-100 elementor-top-column elementor-element elementor-element-630277de\" data-id=\"630277de\" data-element_type=\"column\">\n\t\t\t<div class=\"elementor-widget-wrap elementor-element-populated\">\n\t\t\t\t\t\t\t\t<div class=\"elementor-element elementor-element-29bd4fa0 elementor-widget elementor-widget-heading\" data-id=\"29bd4fa0\" data-element_type=\"widget\" data-widget_type=\"heading.default\">\n\t\t\t\t<div class=\"elementor-widget-container\">\n\t\t\t<h2 class=\"elementor-heading-title elementor-size-default\">Estamos para ayudarte, cont\u00e1ctanos<\/h2>\t\t<\/div>\n\t\t\t\t<\/div>\n\t\t\t\t<div class=\"elementor-element elementor-element-909b0fd elementor-align-center elementor-widget elementor-widget-button\" data-id=\"909b0fd\" data-element_type=\"widget\" data-widget_type=\"button.default\">\n\t\t\t\t<div class=\"elementor-widget-container\">\n\t\t\t\t\t<div class=\"elementor-button-wrapper\">\n\t\t\t<a href=\"https:\/\/coninpreco.com\/index.php\/contacto\/\" class=\"elementor-button-link elementor-button elementor-size-sm\" role=\"button\">\n\t\t\t\t\t\t<span class=\"elementor-button-content-wrapper\">\n\t\t\t\t\t\t<span class=\"elementor-button-text\">Haz clic aqu\u00ed<\/span>\n\t\t<\/span>\n\t\t\t\t\t<\/a>\n\t\t<\/div>\n\t\t\t\t<\/div>\n\t\t\t\t<\/div>\n\t\t\t\t\t<\/div>\n\t\t<\/div>\n\t\t\t\t\t\t\t<\/div>\n\t\t<\/section>\n\t\t\t\t\t\t\t<\/div>\n\t\t","protected":false},"excerpt":{"rendered":"<p>SERVICIOS Nuestra trayectoria nos ha convertido en una empresa de ingenier\u00eda especializada en el campo de la ingenier\u00eda civil y sanitaria, desarrollando proyectos en todo el Per\u00fa.\u00a0 Durante estos \u00faltimos meses, hemos ido ampliando progresivamente nuestro campo de actividad, realizamos estudios b\u00e1sicos de ingenier\u00eda y tareas individuales como:\u00a0 dise\u00f1o, evaluaci\u00f3n y mejoramiento de planos, levantamiento&hellip;<\/p>\n","protected":false},"author":1,"featured_media":0,"parent":0,"menu_order":0,"comment_status":"closed","ping_status":"closed","template":"","meta":[],"_links":{"self":[{"href":"https:\/\/coninpreco.com\/index.php\/wp-json\/wp\/v2\/pages\/15"}],"collection":[{"href":"https:\/\/coninpreco.com\/index.php\/wp-json\/wp\/v2\/pages"}],"about":[{"href":"https:\/\/coninpreco.com\/index.php\/wp-json\/wp\/v2\/types\/page"}],"author":[{"embeddable":true,"href":"https:\/\/coninpreco.com\/index.php\/wp-json\/wp\/v2\/users\/1"}],"replies":[{"embeddable":true,"href":"https:\/\/coninpreco.com\/index.php\/wp-json\/wp\/v2\/comments?post=15"}],"version-history":[{"count":45,"href":"https:\/\/coninpreco.com\/index.php\/wp-json\/wp\/v2\/pages\/15\/revisions"}],"predecessor-version":[{"id":341,"href":"https:\/\/coninpreco.com\/index.php\/wp-json\/wp\/v2\/pages\/15\/revisions\/341"}],"wp:attachment":[{"href":"https:\/\/coninpreco.com\/index.php\/wp-json\/wp\/v2\/media?parent=15"}],"curies":[{"name":"wp","href":"https:\/\/api.w.org\/{rel}","templated":true}]}}